{"id":251,"date":"2012-05-09T18:16:32","date_gmt":"2012-05-09T16:16:32","guid":{"rendered":"http:\/\/lokaalraadio.katrinessenson.ee\/?page_id=251"},"modified":"2021-09-07T09:37:20","modified_gmt":"2021-09-07T07:37:20","slug":"lokaalraadio-klang-07-04-12-march-7-2012","status":"publish","type":"page","link":"https:\/\/lokaalraadio.katrinessenson.ee\/?page_id=251","title":{"rendered":"LokaalRaadio @ &#8216;KLANG! 07.04.12 \/ March 7, 2012"},"content":{"rendered":"\n<p>LokaalRaadio tegi nn. avaliku proovi Tallinnas 7. m\u00e4rtsil Rauli isikn\u00e4ituse &#8216;KLANG!&#8217; l6petamisel, kus esimest korda prooviti &#8216;Symbolistica&#8217; soundi. Kuna \u00fcleval oli \u00fcsna erilaadne helis\u00fcsteem, siis oli ka kontsert t\u00e4iesti oman\u00e4oline segu m\u00fcrasest drone&#8217;st. &#8216;KLANG!&#8217; n\u00e4ituse kohta saab l\u00e4hemat infot Rauli kodulehelt: raulkeller.mkdk.org<\/p>\n\n\n\n<p>&#8212;&#8212;&#8212;&#8212;&#8212;&#8212;-<\/p>\n\n\n\n<p>LokaalRaadio held its so-called public rehearsal on March 7 at the closing of Raul&#8217;s solo exhibition <em>KLANG!<\/em>, where new material was tried out for the <em>Symbolistica<\/em> piece for the first time. Since the sound system was totally unique, the noisy-drony concert was really something different. More about the <em>KLANG! <\/em>exhibition can be found at Raul&#8217;s website: raulkeller.mkdk.org<\/p>\n\n\n\n<figure class=\"wp-block-gallery columns-3 is-cropped wp-block-gallery-1 is-layout-flex wp-block-gallery-is-layout-flex\"><ul class=\"blocks-gallery-grid\"><li class=\"blocks-gallery-item\"><figure><img loading=\"lazy\" decoding=\"async\" width=\"528\" height=\"800\" src=\"http:\/\/lokaalraadio.katrinessenson.ee\/wp-content\/uploads\/2012\/05\/Lokaal@KLANG16-528x800.jpg\" alt=\"\" data-id=\"303\" data-full-url=\"http:\/\/lokaalraadio.katrinessenson.ee\/wp-content\/uploads\/2012\/05\/Lokaal@KLANG16.jpg\" data-link=\"http:\/\/lokaalraadio.katrinessenson.ee\/?attachment_id=303\" class=\"wp-image-303\" srcset=\"https:\/\/lokaalraadio.katrinessenson.ee\/wp-content\/uploads\/2012\/05\/Lokaal@KLANG16-528x800.jpg 528w, https:\/\/lokaalraadio.katrinessenson.ee\/wp-content\/uploads\/2012\/05\/Lokaal@KLANG16-198x300.jpg 198w, https:\/\/lokaalraadio.katrinessenson.ee\/wp-content\/uploads\/2012\/05\/Lokaal@KLANG16-99x150.jpg 99w, https:\/\/lokaalraadio.katrinessenson.ee\/wp-content\/uploads\/2012\/05\/Lokaal@KLANG16-400x605.jpg 400w, https:\/\/lokaalraadio.katrinessenson.ee\/wp-content\/uploads\/2012\/05\/Lokaal@KLANG16.jpg 676w\" sizes=\"auto, (max-width: 528px) 100vw, 528px\" \/><\/figure><\/li><li class=\"blocks-gallery-item\"><figure><img loading=\"lazy\" decoding=\"async\" width=\"800\" height=\"528\" src=\"http:\/\/lokaalraadio.katrinessenson.ee\/wp-content\/uploads\/2012\/05\/Lokaal@KLANG19-800x528.jpg\" alt=\"\" data-id=\"306\" data-full-url=\"http:\/\/lokaalraadio.katrinessenson.ee\/wp-content\/uploads\/2012\/05\/Lokaal@KLANG19.jpg\" data-link=\"http:\/\/lokaalraadio.katrinessenson.ee\/?attachment_id=306\" class=\"wp-image-306\" srcset=\"https:\/\/lokaalraadio.katrinessenson.ee\/wp-content\/uploads\/2012\/05\/Lokaal@KLANG19-800x528.jpg 800w, https:\/\/lokaalraadio.katrinessenson.ee\/wp-content\/uploads\/2012\/05\/Lokaal@KLANG19-300x198.jpg 300w, https:\/\/lokaalraadio.katrinessenson.ee\/wp-content\/uploads\/2012\/05\/Lokaal@KLANG19-150x99.jpg 150w, https:\/\/lokaalraadio.katrinessenson.ee\/wp-content\/uploads\/2012\/05\/Lokaal@KLANG19-400x264.jpg 400w, https:\/\/lokaalraadio.katrinessenson.ee\/wp-content\/uploads\/2012\/05\/Lokaal@KLANG19.jpg 1024w\" sizes=\"auto, (max-width: 800px) 100vw, 800px\" \/><\/figure><\/li><li class=\"blocks-gallery-item\"><figure><img loading=\"lazy\" decoding=\"async\" width=\"800\" height=\"528\" src=\"http:\/\/lokaalraadio.katrinessenson.ee\/wp-content\/uploads\/2012\/05\/Lokaal@KLANG18-800x528.jpg\" alt=\"\" data-id=\"305\" data-full-url=\"http:\/\/lokaalraadio.katrinessenson.ee\/wp-content\/uploads\/2012\/05\/Lokaal@KLANG18.jpg\" data-link=\"http:\/\/lokaalraadio.katrinessenson.ee\/?attachment_id=305\" class=\"wp-image-305\" srcset=\"https:\/\/lokaalraadio.katrinessenson.ee\/wp-content\/uploads\/2012\/05\/Lokaal@KLANG18-800x528.jpg 800w, https:\/\/lokaalraadio.katrinessenson.ee\/wp-content\/uploads\/2012\/05\/Lokaal@KLANG18-300x198.jpg 300w, https:\/\/lokaalraadio.katrinessenson.ee\/wp-content\/uploads\/2012\/05\/Lokaal@KLANG18-150x99.jpg 150w, https:\/\/lokaalraadio.katrinessenson.ee\/wp-content\/uploads\/2012\/05\/Lokaal@KLANG18-400x264.jpg 400w, https:\/\/lokaalraadio.katrinessenson.ee\/wp-content\/uploads\/2012\/05\/Lokaal@KLANG18.jpg 1024w\" sizes=\"auto, (max-width: 800px) 100vw, 800px\" \/><\/figure><\/li><li class=\"blocks-gallery-item\"><figure><img loading=\"lazy\" decoding=\"async\" width=\"528\" height=\"800\" src=\"http:\/\/lokaalraadio.katrinessenson.ee\/wp-content\/uploads\/2012\/05\/Lokaal@KLANG17-528x800.jpg\" alt=\"\" data-id=\"304\" data-full-url=\"http:\/\/lokaalraadio.katrinessenson.ee\/wp-content\/uploads\/2012\/05\/Lokaal@KLANG17.jpg\" data-link=\"http:\/\/lokaalraadio.katrinessenson.ee\/?attachment_id=304\" class=\"wp-image-304\" srcset=\"https:\/\/lokaalraadio.katrinessenson.ee\/wp-content\/uploads\/2012\/05\/Lokaal@KLANG17-528x800.jpg 528w, https:\/\/lokaalraadio.katrinessenson.ee\/wp-content\/uploads\/2012\/05\/Lokaal@KLANG17-198x300.jpg 198w, https:\/\/lokaalraadio.katrinessenson.ee\/wp-content\/uploads\/2012\/05\/Lokaal@KLANG17-99x150.jpg 99w, https:\/\/lokaalraadio.katrinessenson.ee\/wp-content\/uploads\/2012\/05\/Lokaal@KLANG17-400x605.jpg 400w, https:\/\/lokaalraadio.katrinessenson.ee\/wp-content\/uploads\/2012\/05\/Lokaal@KLANG17.jpg 676w\" sizes=\"auto, (max-width: 528px) 100vw, 528px\" \/><\/figure><\/li><li class=\"blocks-gallery-item\"><figure><img loading=\"lazy\" decoding=\"async\" width=\"800\" height=\"528\" src=\"http:\/\/lokaalraadio.katrinessenson.ee\/wp-content\/uploads\/2012\/05\/Lokaal@KLANG12-800x528.jpg\" alt=\"\" data-id=\"299\" data-full-url=\"http:\/\/lokaalraadio.katrinessenson.ee\/wp-content\/uploads\/2012\/05\/Lokaal@KLANG12.jpg\" data-link=\"http:\/\/lokaalraadio.katrinessenson.ee\/?attachment_id=299\" class=\"wp-image-299\" srcset=\"https:\/\/lokaalraadio.katrinessenson.ee\/wp-content\/uploads\/2012\/05\/Lokaal@KLANG12-800x528.jpg 800w, https:\/\/lokaalraadio.katrinessenson.ee\/wp-content\/uploads\/2012\/05\/Lokaal@KLANG12-300x198.jpg 300w, https:\/\/lokaalraadio.katrinessenson.ee\/wp-content\/uploads\/2012\/05\/Lokaal@KLANG12-150x99.jpg 150w, https:\/\/lokaalraadio.katrinessenson.ee\/wp-content\/uploads\/2012\/05\/Lokaal@KLANG12-400x264.jpg 400w, https:\/\/lokaalraadio.katrinessenson.ee\/wp-content\/uploads\/2012\/05\/Lokaal@KLANG12.jpg 1024w\" sizes=\"auto, (max-width: 800px) 100vw, 800px\" \/><\/figure><\/li><li class=\"blocks-gallery-item\"><figure><img loading=\"lazy\" decoding=\"async\" width=\"528\" height=\"800\" src=\"http:\/\/lokaalraadio.katrinessenson.ee\/wp-content\/uploads\/2012\/05\/Lokaal@KLANG13-528x800.jpg\" alt=\"\" data-id=\"300\" data-full-url=\"http:\/\/lokaalraadio.katrinessenson.ee\/wp-content\/uploads\/2012\/05\/Lokaal@KLANG13.jpg\" data-link=\"http:\/\/lokaalraadio.katrinessenson.ee\/?attachment_id=300\" class=\"wp-image-300\" srcset=\"https:\/\/lokaalraadio.katrinessenson.ee\/wp-content\/uploads\/2012\/05\/Lokaal@KLANG13-528x800.jpg 528w, https:\/\/lokaalraadio.katrinessenson.ee\/wp-content\/uploads\/2012\/05\/Lokaal@KLANG13-198x300.jpg 198w, https:\/\/lokaalraadio.katrinessenson.ee\/wp-content\/uploads\/2012\/05\/Lokaal@KLANG13-99x150.jpg 99w, https:\/\/lokaalraadio.katrinessenson.ee\/wp-content\/uploads\/2012\/05\/Lokaal@KLANG13-400x605.jpg 400w, https:\/\/lokaalraadio.katrinessenson.ee\/wp-content\/uploads\/2012\/05\/Lokaal@KLANG13.jpg 676w\" sizes=\"auto, (max-width: 528px) 100vw, 528px\" \/><\/figure><\/li><li class=\"blocks-gallery-item\"><figure><img loading=\"lazy\" decoding=\"async\" width=\"528\" height=\"800\" src=\"http:\/\/lokaalraadio.katrinessenson.ee\/wp-content\/uploads\/2012\/05\/Lokaal@KLANG14-528x800.jpg\" alt=\"\" data-id=\"301\" data-full-url=\"http:\/\/lokaalraadio.katrinessenson.ee\/wp-content\/uploads\/2012\/05\/Lokaal@KLANG14.jpg\" data-link=\"http:\/\/lokaalraadio.katrinessenson.ee\/?attachment_id=301\" class=\"wp-image-301\" srcset=\"https:\/\/lokaalraadio.katrinessenson.ee\/wp-content\/uploads\/2012\/05\/Lokaal@KLANG14-528x800.jpg 528w, https:\/\/lokaalraadio.katrinessenson.ee\/wp-content\/uploads\/2012\/05\/Lokaal@KLANG14-198x300.jpg 198w, https:\/\/lokaalraadio.katrinessenson.ee\/wp-content\/uploads\/2012\/05\/Lokaal@KLANG14-99x150.jpg 99w, https:\/\/lokaalraadio.katrinessenson.ee\/wp-content\/uploads\/2012\/05\/Lokaal@KLANG14-400x605.jpg 400w, https:\/\/lokaalraadio.katrinessenson.ee\/wp-content\/uploads\/2012\/05\/Lokaal@KLANG14.jpg 676w\" sizes=\"auto, (max-width: 528px) 100vw, 528px\" \/><\/figure><\/li><li class=\"blocks-gallery-item\"><figure><img loading=\"lazy\" decoding=\"async\" width=\"528\" height=\"800\" src=\"http:\/\/lokaalraadio.katrinessenson.ee\/wp-content\/uploads\/2012\/05\/Lokaal@KLANG15-528x800.jpg\" alt=\"\" data-id=\"302\" data-full-url=\"http:\/\/lokaalraadio.katrinessenson.ee\/wp-content\/uploads\/2012\/05\/Lokaal@KLANG15.jpg\" data-link=\"http:\/\/lokaalraadio.katrinessenson.ee\/?attachment_id=302\" class=\"wp-image-302\" srcset=\"https:\/\/lokaalraadio.katrinessenson.ee\/wp-content\/uploads\/2012\/05\/Lokaal@KLANG15-528x800.jpg 528w, https:\/\/lokaalraadio.katrinessenson.ee\/wp-content\/uploads\/2012\/05\/Lokaal@KLANG15-198x300.jpg 198w, https:\/\/lokaalraadio.katrinessenson.ee\/wp-content\/uploads\/2012\/05\/Lokaal@KLANG15-99x150.jpg 99w, https:\/\/lokaalraadio.katrinessenson.ee\/wp-content\/uploads\/2012\/05\/Lokaal@KLANG15-400x605.jpg 400w, https:\/\/lokaalraadio.katrinessenson.ee\/wp-content\/uploads\/2012\/05\/Lokaal@KLANG15.jpg 676w\" sizes=\"auto, (max-width: 528px) 100vw, 528px\" \/><\/figure><\/li><li class=\"blocks-gallery-item\"><figure><img loading=\"lazy\" decoding=\"async\" width=\"800\" height=\"528\" src=\"http:\/\/lokaalraadio.katrinessenson.ee\/wp-content\/uploads\/2012\/05\/Lokaal@KLANG11-800x528.jpg\" alt=\"\" data-id=\"298\" data-full-url=\"http:\/\/lokaalraadio.katrinessenson.ee\/wp-content\/uploads\/2012\/05\/Lokaal@KLANG11.jpg\" data-link=\"http:\/\/lokaalraadio.katrinessenson.ee\/?attachment_id=298\" class=\"wp-image-298\" srcset=\"https:\/\/lokaalraadio.katrinessenson.ee\/wp-content\/uploads\/2012\/05\/Lokaal@KLANG11-800x528.jpg 800w, https:\/\/lokaalraadio.katrinessenson.ee\/wp-content\/uploads\/2012\/05\/Lokaal@KLANG11-300x198.jpg 300w, https:\/\/lokaalraadio.katrinessenson.ee\/wp-content\/uploads\/2012\/05\/Lokaal@KLANG11-150x99.jpg 150w, https:\/\/lokaalraadio.katrinessenson.ee\/wp-content\/uploads\/2012\/05\/Lokaal@KLANG11-400x264.jpg 400w, https:\/\/lokaalraadio.katrinessenson.ee\/wp-content\/uploads\/2012\/05\/Lokaal@KLANG11.jpg 1024w\" sizes=\"auto, (max-width: 800px) 100vw, 800px\" \/><\/figure><\/li><li class=\"blocks-gallery-item\"><figure><img loading=\"lazy\" decoding=\"async\" width=\"800\" height=\"528\" src=\"http:\/\/lokaalraadio.katrinessenson.ee\/wp-content\/uploads\/2012\/05\/Lokaal@KLANG10-800x528.jpg\" alt=\"\" data-id=\"297\" data-full-url=\"http:\/\/lokaalraadio.katrinessenson.ee\/wp-content\/uploads\/2012\/05\/Lokaal@KLANG10.jpg\" data-link=\"http:\/\/lokaalraadio.katrinessenson.ee\/?attachment_id=297\" class=\"wp-image-297\" srcset=\"https:\/\/lokaalraadio.katrinessenson.ee\/wp-content\/uploads\/2012\/05\/Lokaal@KLANG10-800x528.jpg 800w, https:\/\/lokaalraadio.katrinessenson.ee\/wp-content\/uploads\/2012\/05\/Lokaal@KLANG10-300x198.jpg 300w, https:\/\/lokaalraadio.katrinessenson.ee\/wp-content\/uploads\/2012\/05\/Lokaal@KLANG10-150x99.jpg 150w, https:\/\/lokaalraadio.katrinessenson.ee\/wp-content\/uploads\/2012\/05\/Lokaal@KLANG10-400x264.jpg 400w, https:\/\/lokaalraadio.katrinessenson.ee\/wp-content\/uploads\/2012\/05\/Lokaal@KLANG10.jpg 1024w\" sizes=\"auto, (max-width: 800px) 100vw, 800px\" \/><\/figure><\/li><li class=\"blocks-gallery-item\"><figure><img loading=\"lazy\" decoding=\"async\" width=\"528\" height=\"800\" src=\"http:\/\/lokaalraadio.katrinessenson.ee\/wp-content\/uploads\/2012\/05\/Lokaal@KLANG9-528x800.jpg\" alt=\"\" data-id=\"296\" data-full-url=\"http:\/\/lokaalraadio.katrinessenson.ee\/wp-content\/uploads\/2012\/05\/Lokaal@KLANG9.jpg\" data-link=\"http:\/\/lokaalraadio.katrinessenson.ee\/?attachment_id=296\" class=\"wp-image-296\" srcset=\"https:\/\/lokaalraadio.katrinessenson.ee\/wp-content\/uploads\/2012\/05\/Lokaal@KLANG9-528x800.jpg 528w, https:\/\/lokaalraadio.katrinessenson.ee\/wp-content\/uploads\/2012\/05\/Lokaal@KLANG9-198x300.jpg 198w, https:\/\/lokaalraadio.katrinessenson.ee\/wp-content\/uploads\/2012\/05\/Lokaal@KLANG9-99x150.jpg 99w, https:\/\/lokaalraadio.katrinessenson.ee\/wp-content\/uploads\/2012\/05\/Lokaal@KLANG9-400x605.jpg 400w, https:\/\/lokaalraadio.katrinessenson.ee\/wp-content\/uploads\/2012\/05\/Lokaal@KLANG9.jpg 676w\" sizes=\"auto, (max-width: 528px) 100vw, 528px\" \/><\/figure><\/li><li class=\"blocks-gallery-item\"><figure><img loading=\"lazy\" decoding=\"async\" width=\"800\" height=\"528\" src=\"http:\/\/lokaalraadio.katrinessenson.ee\/wp-content\/uploads\/2012\/05\/Lokaal@KLANG8-800x528.jpg\" alt=\"\" data-id=\"295\" data-full-url=\"http:\/\/lokaalraadio.katrinessenson.ee\/wp-content\/uploads\/2012\/05\/Lokaal@KLANG8.jpg\" data-link=\"http:\/\/lokaalraadio.katrinessenson.ee\/?attachment_id=295\" class=\"wp-image-295\" srcset=\"https:\/\/lokaalraadio.katrinessenson.ee\/wp-content\/uploads\/2012\/05\/Lokaal@KLANG8-800x528.jpg 800w, https:\/\/lokaalraadio.katrinessenson.ee\/wp-content\/uploads\/2012\/05\/Lokaal@KLANG8-300x198.jpg 300w, https:\/\/lokaalraadio.katrinessenson.ee\/wp-content\/uploads\/2012\/05\/Lokaal@KLANG8-150x99.jpg 150w, https:\/\/lokaalraadio.katrinessenson.ee\/wp-content\/uploads\/2012\/05\/Lokaal@KLANG8-400x264.jpg 400w, https:\/\/lokaalraadio.katrinessenson.ee\/wp-content\/uploads\/2012\/05\/Lokaal@KLANG8.jpg 1024w\" sizes=\"auto, (max-width: 800px) 100vw, 800px\" \/><\/figure><\/li><li class=\"blocks-gallery-item\"><figure><img loading=\"lazy\" decoding=\"async\" width=\"528\" height=\"800\" src=\"http:\/\/lokaalraadio.katrinessenson.ee\/wp-content\/uploads\/2012\/05\/Lokaal@KLANG7-528x800.jpg\" alt=\"\" data-id=\"294\" data-full-url=\"http:\/\/lokaalraadio.katrinessenson.ee\/wp-content\/uploads\/2012\/05\/Lokaal@KLANG7.jpg\" data-link=\"http:\/\/lokaalraadio.katrinessenson.ee\/?attachment_id=294\" class=\"wp-image-294\" srcset=\"https:\/\/lokaalraadio.katrinessenson.ee\/wp-content\/uploads\/2012\/05\/Lokaal@KLANG7-528x800.jpg 528w, https:\/\/lokaalraadio.katrinessenson.ee\/wp-content\/uploads\/2012\/05\/Lokaal@KLANG7-198x300.jpg 198w, https:\/\/lokaalraadio.katrinessenson.ee\/wp-content\/uploads\/2012\/05\/Lokaal@KLANG7-99x150.jpg 99w, https:\/\/lokaalraadio.katrinessenson.ee\/wp-content\/uploads\/2012\/05\/Lokaal@KLANG7-400x605.jpg 400w, https:\/\/lokaalraadio.katrinessenson.ee\/wp-content\/uploads\/2012\/05\/Lokaal@KLANG7.jpg 676w\" sizes=\"auto, (max-width: 528px) 100vw, 528px\" \/><\/figure><\/li><li class=\"blocks-gallery-item\"><figure><img loading=\"lazy\" decoding=\"async\" width=\"800\" height=\"528\" src=\"http:\/\/lokaalraadio.katrinessenson.ee\/wp-content\/uploads\/2012\/05\/Lokaal@KLANG2-800x528.jpg\" alt=\"\" data-id=\"289\" data-full-url=\"http:\/\/lokaalraadio.katrinessenson.ee\/wp-content\/uploads\/2012\/05\/Lokaal@KLANG2.jpg\" data-link=\"http:\/\/lokaalraadio.katrinessenson.ee\/?attachment_id=289\" class=\"wp-image-289\" srcset=\"https:\/\/lokaalraadio.katrinessenson.ee\/wp-content\/uploads\/2012\/05\/Lokaal@KLANG2-800x528.jpg 800w, https:\/\/lokaalraadio.katrinessenson.ee\/wp-content\/uploads\/2012\/05\/Lokaal@KLANG2-300x198.jpg 300w, https:\/\/lokaalraadio.katrinessenson.ee\/wp-content\/uploads\/2012\/05\/Lokaal@KLANG2-150x99.jpg 150w, https:\/\/lokaalraadio.katrinessenson.ee\/wp-content\/uploads\/2012\/05\/Lokaal@KLANG2-400x264.jpg 400w, https:\/\/lokaalraadio.katrinessenson.ee\/wp-content\/uploads\/2012\/05\/Lokaal@KLANG2.jpg 1024w\" sizes=\"auto, (max-width: 800px) 100vw, 800px\" \/><\/figure><\/li><li class=\"blocks-gallery-item\"><figure><img loading=\"lazy\" decoding=\"async\" width=\"528\" height=\"800\" src=\"http:\/\/lokaalraadio.katrinessenson.ee\/wp-content\/uploads\/2012\/05\/Lokaal@KLANG3-528x800.jpg\" alt=\"\" data-id=\"290\" data-full-url=\"http:\/\/lokaalraadio.katrinessenson.ee\/wp-content\/uploads\/2012\/05\/Lokaal@KLANG3.jpg\" data-link=\"http:\/\/lokaalraadio.katrinessenson.ee\/?attachment_id=290\" class=\"wp-image-290\" srcset=\"https:\/\/lokaalraadio.katrinessenson.ee\/wp-content\/uploads\/2012\/05\/Lokaal@KLANG3-528x800.jpg 528w, https:\/\/lokaalraadio.katrinessenson.ee\/wp-content\/uploads\/2012\/05\/Lokaal@KLANG3-198x300.jpg 198w, https:\/\/lokaalraadio.katrinessenson.ee\/wp-content\/uploads\/2012\/05\/Lokaal@KLANG3-99x150.jpg 99w, https:\/\/lokaalraadio.katrinessenson.ee\/wp-content\/uploads\/2012\/05\/Lokaal@KLANG3-400x605.jpg 400w, https:\/\/lokaalraadio.katrinessenson.ee\/wp-content\/uploads\/2012\/05\/Lokaal@KLANG3.jpg 676w\" sizes=\"auto, (max-width: 528px) 100vw, 528px\" \/><\/figure><\/li><li class=\"blocks-gallery-item\"><figure><img loading=\"lazy\" decoding=\"async\" width=\"800\" height=\"528\" src=\"http:\/\/lokaalraadio.katrinessenson.ee\/wp-content\/uploads\/2012\/05\/Lokaal@KLANG4-800x528.jpg\" alt=\"\" data-id=\"291\" data-full-url=\"http:\/\/lokaalraadio.katrinessenson.ee\/wp-content\/uploads\/2012\/05\/Lokaal@KLANG4.jpg\" data-link=\"http:\/\/lokaalraadio.katrinessenson.ee\/?attachment_id=291\" class=\"wp-image-291\" srcset=\"https:\/\/lokaalraadio.katrinessenson.ee\/wp-content\/uploads\/2012\/05\/Lokaal@KLANG4-800x528.jpg 800w, https:\/\/lokaalraadio.katrinessenson.ee\/wp-content\/uploads\/2012\/05\/Lokaal@KLANG4-300x198.jpg 300w, https:\/\/lokaalraadio.katrinessenson.ee\/wp-content\/uploads\/2012\/05\/Lokaal@KLANG4-150x99.jpg 150w, https:\/\/lokaalraadio.katrinessenson.ee\/wp-content\/uploads\/2012\/05\/Lokaal@KLANG4-400x264.jpg 400w, https:\/\/lokaalraadio.katrinessenson.ee\/wp-content\/uploads\/2012\/05\/Lokaal@KLANG4.jpg 1024w\" sizes=\"auto, (max-width: 800px) 100vw, 800px\" \/><\/figure><\/li><li class=\"blocks-gallery-item\"><figure><img loading=\"lazy\" decoding=\"async\" width=\"800\" height=\"528\" src=\"http:\/\/lokaalraadio.katrinessenson.ee\/wp-content\/uploads\/2012\/05\/Lokaal@KLANG5-800x528.jpg\" alt=\"\" data-id=\"292\" data-full-url=\"http:\/\/lokaalraadio.katrinessenson.ee\/wp-content\/uploads\/2012\/05\/Lokaal@KLANG5.jpg\" data-link=\"http:\/\/lokaalraadio.katrinessenson.ee\/?attachment_id=292\" class=\"wp-image-292\" srcset=\"https:\/\/lokaalraadio.katrinessenson.ee\/wp-content\/uploads\/2012\/05\/Lokaal@KLANG5-800x528.jpg 800w, https:\/\/lokaalraadio.katrinessenson.ee\/wp-content\/uploads\/2012\/05\/Lokaal@KLANG5-300x198.jpg 300w, https:\/\/lokaalraadio.katrinessenson.ee\/wp-content\/uploads\/2012\/05\/Lokaal@KLANG5-150x99.jpg 150w, https:\/\/lokaalraadio.katrinessenson.ee\/wp-content\/uploads\/2012\/05\/Lokaal@KLANG5-400x264.jpg 400w, https:\/\/lokaalraadio.katrinessenson.ee\/wp-content\/uploads\/2012\/05\/Lokaal@KLANG5.jpg 1024w\" sizes=\"auto, (max-width: 800px) 100vw, 800px\" \/><\/figure><\/li><li class=\"blocks-gallery-item\"><figure><img loading=\"lazy\" decoding=\"async\" width=\"800\" height=\"528\" src=\"http:\/\/lokaalraadio.katrinessenson.ee\/wp-content\/uploads\/2012\/05\/Lokaal@KLANG6-800x528.jpg\" alt=\"\" data-id=\"293\" data-full-url=\"http:\/\/lokaalraadio.katrinessenson.ee\/wp-content\/uploads\/2012\/05\/Lokaal@KLANG6.jpg\" data-link=\"http:\/\/lokaalraadio.katrinessenson.ee\/?attachment_id=293\" class=\"wp-image-293\" srcset=\"https:\/\/lokaalraadio.katrinessenson.ee\/wp-content\/uploads\/2012\/05\/Lokaal@KLANG6-800x528.jpg 800w, https:\/\/lokaalraadio.katrinessenson.ee\/wp-content\/uploads\/2012\/05\/Lokaal@KLANG6-300x198.jpg 300w, https:\/\/lokaalraadio.katrinessenson.ee\/wp-content\/uploads\/2012\/05\/Lokaal@KLANG6-150x99.jpg 150w, https:\/\/lokaalraadio.katrinessenson.ee\/wp-content\/uploads\/2012\/05\/Lokaal@KLANG6-400x264.jpg 400w, https:\/\/lokaalraadio.katrinessenson.ee\/wp-content\/uploads\/2012\/05\/Lokaal@KLANG6.jpg 1024w\" sizes=\"auto, (max-width: 800px) 100vw, 800px\" \/><\/figure><\/li><li class=\"blocks-gallery-item\"><figure><img loading=\"lazy\" decoding=\"async\" width=\"528\" height=\"800\" src=\"http:\/\/lokaalraadio.katrinessenson.ee\/wp-content\/uploads\/2012\/05\/Lokaal@KLANG1-528x800.jpg\" alt=\"\" data-id=\"288\" data-full-url=\"http:\/\/lokaalraadio.katrinessenson.ee\/wp-content\/uploads\/2012\/05\/Lokaal@KLANG1.jpg\" data-link=\"http:\/\/lokaalraadio.katrinessenson.ee\/?attachment_id=288\" class=\"wp-image-288\" srcset=\"https:\/\/lokaalraadio.katrinessenson.ee\/wp-content\/uploads\/2012\/05\/Lokaal@KLANG1-528x800.jpg 528w, https:\/\/lokaalraadio.katrinessenson.ee\/wp-content\/uploads\/2012\/05\/Lokaal@KLANG1-198x300.jpg 198w, https:\/\/lokaalraadio.katrinessenson.ee\/wp-content\/uploads\/2012\/05\/Lokaal@KLANG1-99x150.jpg 99w, https:\/\/lokaalraadio.katrinessenson.ee\/wp-content\/uploads\/2012\/05\/Lokaal@KLANG1-400x605.jpg 400w, https:\/\/lokaalraadio.katrinessenson.ee\/wp-content\/uploads\/2012\/05\/Lokaal@KLANG1.jpg 676w\" sizes=\"auto, (max-width: 528px) 100vw, 528px\" \/><\/figure><\/li><\/ul><\/figure>\n","protected":false},"excerpt":{"rendered":"\n<p>LokaalRaadio tegi nn. avaliku proovi Tallinnas 7. m\u00e4rtsil Rauli isikn\u00e4ituse &#8216;KLANG!&#8217; l6petamisel, kus esimest korda prooviti &#8216;Symbolistica&#8217; soundi. Kuna \u00fcleval oli \u00fcsna erilaadne helis\u00fcsteem, siis oli ka kontsert t\u00e4iesti oman\u00e4oline segu m\u00fcrasest drone&#8217;st. &#8216;KLANG!&#8217; n\u00e4ituse kohta saab l\u00e4hemat infot Rauli kodulehelt: raulkeller.mkdk.org<\/p>\n<p>&#8212;&#8212;&#8212;&#8212;&#8212;&#8212;-<\/p>\n<p>LokaalRaadio held its so-called public rehearsal on March 7 at the [&#8230;]<\/p>\n","protected":false},"author":1,"featured_media":0,"parent":227,"menu_order":0,"comment_status":"open","ping_status":"open","template":"","meta":{"footnotes":""},"class_list":["post-251","page","type-page","status-publish","hentry","odd"],"_links":{"self":[{"href":"https:\/\/lokaalraadio.katrinessenson.ee\/index.php?rest_route=\/wp\/v2\/pages\/251","targetHints":{"allow":["GET"]}}],"collection":[{"href":"https:\/\/lokaalraadio.katrinessenson.ee\/index.php?rest_route=\/wp\/v2\/pages"}],"about":[{"href":"https:\/\/lokaalraadio.katrinessenson.ee\/index.php?rest_route=\/wp\/v2\/types\/page"}],"author":[{"embeddable":true,"href":"https:\/\/lokaalraadio.katrinessenson.ee\/index.php?rest_route=\/wp\/v2\/users\/1"}],"replies":[{"embeddable":true,"href":"https:\/\/lokaalraadio.katrinessenson.ee\/index.php?rest_route=%2Fwp%2Fv2%2Fcomments&post=251"}],"version-history":[{"count":5,"href":"https:\/\/lokaalraadio.katrinessenson.ee\/index.php?rest_route=\/wp\/v2\/pages\/251\/revisions"}],"predecessor-version":[{"id":584,"href":"https:\/\/lokaalraadio.katrinessenson.ee\/index.php?rest_route=\/wp\/v2\/pages\/251\/revisions\/584"}],"up":[{"embeddable":true,"href":"https:\/\/lokaalraadio.katrinessenson.ee\/index.php?rest_route=\/wp\/v2\/pages\/227"}],"wp:attachment":[{"href":"https:\/\/lokaalraadio.katrinessenson.ee\/index.php?rest_route=%2Fwp%2Fv2%2Fmedia&parent=251"}],"curies":[{"name":"wp","href":"https:\/\/api.w.org\/{rel}","templated":true}]}}